{"id":9,"date":"2009-09-16T01:48:02","date_gmt":"2009-09-15T23:48:02","guid":{"rendered":"http:\/\/t2-bulli.de\/?page_id=9"},"modified":"2009-09-16T01:48:02","modified_gmt":"2009-09-15T23:48:02","slug":"das-fahrzeug","status":"publish","type":"page","link":"https:\/\/www.t2-bulli.de\/t2bcms\/das-fahrzeug\/","title":{"rendered":"Das Fahrzeug"},"content":{"rendered":"<div id=\"attachment_58\" style=\"width: 610px\" class=\"wp-caption alignright\"><a href=\"https:\/\/www.t2-bulli.de\/t2bcms\/wp-content\/uploads\/2009\/09\/Dekra-Oldtimergutachten.jpg\"><img loading=\"lazy\" decoding=\"async\" aria-describedby=\"caption-attachment-58\" class=\"size-medium wp-image-58\" title=\"Dekra Oldtimergutachten\" src=\"https:\/\/www.t2-bulli.de\/t2bcms\/wp-content\/uploads\/2009\/09\/Dekra-Oldtimergutachten-600x527.jpg\" alt=\"Am 26.08.2009 wurde der Bulli offiziell Oldtimer und darf nun ein H-Kennzeichen haben:)\" width=\"600\" height=\"527\" \/><\/a><p id=\"caption-attachment-58\" class=\"wp-caption-text\">Am 26.08.2009 wurde der Bulli offiziell Oldtimer und darf nun ein H-Kennzeichen haben:)<\/p><\/div>\n<p>Das Fahrzeug befindet sich nahezu im Originalzustand, sowohl innen als auch au\u00dfen. Seit 1977 wurden nur Reparaturen und Ver\u00e4nderungen gemacht, die f\u00fcr den weiteren Betrieb notwendig waren.<\/p>\n<p>Umbauma\u00dfnahmen oder gro\u00dfe Modifikationen gab es nicht. Daher wurde das Gutachten f\u00fcr das H-Kennzeichen im August 2009 ohne vorherige Anpassungen problemlos gew\u00e4hrt, es ging ihm lediglich eine sorgf\u00e4ltige Putzaktion voraus:)<\/p>\n<h4>Kilometerst\u00e4nde<\/h4>\n<p>113000 km &#8211; Herbst 2009<br \/>\n106146 km &#8211; September 2007<br \/>\n100000 km &#8211; Juni 2006<br \/>\n095036 km &#8211; Mai 2005<br \/>\n093689 km &#8211; Juni 2004<br \/>\n093672 km &#8211; Mai 2003<br \/>\n092381 km &#8211; Oktober 2001<br \/>\n088416 km &#8211; April 2001<br \/>\n084265 km &#8211; Juni 2000<br \/>\n082900 km &#8211; M\u00e4rz 1999<br \/>\n079965 km &#8211; Juli 1997<br \/>\n078599 km &#8211; August 1996<br \/>\n068000 km &#8211; Juni 1993<br \/>\n066000 km &#8211; Juni 1992<br \/>\n060460 km &#8211; Juli 1990<\/p>\n","protected":false},"excerpt":{"rendered":"<p>Das Fahrzeug befindet sich nahezu im Originalzustand, sowohl innen als auch au\u00dfen. Seit 1977 wurden nur Reparaturen und Ver\u00e4nderungen gemacht, die f\u00fcr den weiteren Betrieb notwendig waren. Umbauma\u00dfnahmen oder gro\u00dfe Modifikationen gab es nicht. Daher wurde das Gutachten f\u00fcr das H-Kennzeichen im August 2009 ohne vorherige Anpassungen problemlos gew\u00e4hrt, es ging ihm lediglich eine sorgf\u00e4ltige [&hellip;]<\/p>\n","protected":false},"author":1,"featured_media":0,"parent":0,"menu_order":50,"comment_status":"closed","ping_status":"closed","template":"","meta":{"footnotes":""},"class_list":["post-9","page","type-page","status-publish","hentry"],"_links":{"self":[{"href":"https:\/\/www.t2-bulli.de\/t2bcms\/wp-json\/wp\/v2\/pages\/9","targetHints":{"allow":["GET"]}}],"collection":[{"href":"https:\/\/www.t2-bulli.de\/t2bcms\/wp-json\/wp\/v2\/pages"}],"about":[{"href":"https:\/\/www.t2-bulli.de\/t2bcms\/wp-json\/wp\/v2\/types\/page"}],"author":[{"embeddable":true,"href":"https:\/\/www.t2-bulli.de\/t2bcms\/wp-json\/wp\/v2\/users\/1"}],"replies":[{"embeddable":true,"href":"https:\/\/www.t2-bulli.de\/t2bcms\/wp-json\/wp\/v2\/comments?post=9"}],"version-history":[{"count":0,"href":"https:\/\/www.t2-bulli.de\/t2bcms\/wp-json\/wp\/v2\/pages\/9\/revisions"}],"wp:attachment":[{"href":"https:\/\/www.t2-bulli.de\/t2bcms\/wp-json\/wp\/v2\/media?parent=9"}],"curies":[{"name":"wp","href":"https:\/\/api.w.org\/{rel}","templated":true}]}}