{"id":7,"date":"2009-09-16T01:44:26","date_gmt":"2009-09-15T23:44:26","guid":{"rendered":"http:\/\/t2-bulli.de\/?page_id=3"},"modified":"2009-09-16T01:44:26","modified_gmt":"2009-09-15T23:44:26","slug":"geschichte","status":"publish","type":"page","link":"https:\/\/www.t2-bulli.de\/t2bcms\/","title":{"rendered":"Home"},"content":{"rendered":"<div id=\"attachment_29\" style=\"width: 610px\" class=\"wp-caption alignright\"><a href=\"https:\/\/www.t2-bulli.de\/t2bcms\/wp-content\/uploads\/2009\/09\/PA060070.JPG\"><img loading=\"lazy\" decoding=\"async\" aria-describedby=\"caption-attachment-29\" class=\"size-medium wp-image-29\" title=\"VW T2b Westfalia Helsinki\" src=\"https:\/\/www.t2-bulli.de\/t2bcms\/wp-content\/uploads\/2009\/09\/PA060070-600x450.jpg\" alt=\"VW T2b Westfalia Helsinki beim Bullifotoshooting 2002\" width=\"600\" height=\"450\" \/><\/a><p id=\"caption-attachment-29\" class=\"wp-caption-text\">VW T2b Westfalia Helsinki beim Bullifotoshooting 2002<\/p><\/div>\n<p>Willkommen auf T2-Bulli.de!<br \/>\nZiel dieser Website ist es, detailreiche Fotos \u00fcber das historische Fahrzeug und die darin gemachten Reisen zu zeigen. Viel Spa\u00df!<\/p>\n<h4>RSS-Feed<\/h4>\n<p>Neue Fotos k\u00f6nnen per <a href=\"rss\/\" target=\"rss\" rel=\"noopener\">RSS<\/a> abonniert werden.<\/p>\n<h4>09\/09 Installation eines CMS<\/h4>\n<p>Installation eines Content Management Systems. Dadurch wurde die komplette Technik &#8222;unter der Haube&#8220; erneuert. Die Fotodatenbank l\u00e4sst sich so leichter erweitern. Im Zuge dessen sind diverse neue Inhalte und Funktionen hinzugekommen.<\/p>\n<h4>08\/09 Gutachten f\u00fcr das H-Kennzeichen<\/h4>\n<p>Im August 2009 war es soweit: das Gutachten f\u00fcr das H-Kennzeichen wurde problemlos bei Kilometerstand 112000 bestanden. Damit ist er offiziell ein Oldtimer, ein offizielles, sch\u00fctzenswertes Kulturgut:)<\/p>\n","protected":false},"excerpt":{"rendered":"<p>Willkommen auf T2-Bulli.de! Ziel dieser Website ist es, detailreiche Fotos \u00fcber das historische Fahrzeug und die darin gemachten Reisen zu zeigen. Viel Spa\u00df! RSS-Feed Neue Fotos k\u00f6nnen per RSS abonniert werden. 09\/09 Installation eines CMS Installation eines Content Management Systems. Dadurch wurde die komplette Technik &#8222;unter der Haube&#8220; erneuert. Die Fotodatenbank l\u00e4sst sich so leichter [&hellip;]<\/p>\n","protected":false},"author":1,"featured_media":0,"parent":0,"menu_order":10,"comment_status":"closed","ping_status":"closed","template":"","meta":{"footnotes":""},"class_list":["post-7","page","type-page","status-publish","hentry"],"_links":{"self":[{"href":"https:\/\/www.t2-bulli.de\/t2bcms\/wp-json\/wp\/v2\/pages\/7","targetHints":{"allow":["GET"]}}],"collection":[{"href":"https:\/\/www.t2-bulli.de\/t2bcms\/wp-json\/wp\/v2\/pages"}],"about":[{"href":"https:\/\/www.t2-bulli.de\/t2bcms\/wp-json\/wp\/v2\/types\/page"}],"author":[{"embeddable":true,"href":"https:\/\/www.t2-bulli.de\/t2bcms\/wp-json\/wp\/v2\/users\/1"}],"replies":[{"embeddable":true,"href":"https:\/\/www.t2-bulli.de\/t2bcms\/wp-json\/wp\/v2\/comments?post=7"}],"version-history":[{"count":0,"href":"https:\/\/www.t2-bulli.de\/t2bcms\/wp-json\/wp\/v2\/pages\/7\/revisions"}],"wp:attachment":[{"href":"https:\/\/www.t2-bulli.de\/t2bcms\/wp-json\/wp\/v2\/media?parent=7"}],"curies":[{"name":"wp","href":"https:\/\/api.w.org\/{rel}","templated":true}]}}